{"id":30,"date":"2017-05-10T11:22:23","date_gmt":"2017-05-10T11:22:23","guid":{"rendered":"http:\/\/vips-velen.pt\/?page_id=30"},"modified":"2018-03-07T19:14:02","modified_gmt":"2018-03-07T18:14:02","slug":"empresa","status":"publish","type":"page","link":"https:\/\/vips-velen.pt\/es\/?page_id=30","title":{"rendered":"Empresa"},"content":{"rendered":"<div class=\"row\"  id=\"row-1653362408\">\n\n\t<div id=\"col-540610802\" class=\"col medium-6 small-12 large-6\"  >\n\t\t\t\t<div class=\"col-inner\"  >\n\t\t\t\n\t\t\t\n<h5 class=\"uppercase\">HISTORIA<\/h5>\n<p>VIPS es una empresa con m\u00e1s de 18 a\u00f1os de experiencia en el mercado, siendo uno de sus grandes objetivos conquering su espacio en esta rama las diversificadas las atractivas las it is the one of the Marroquiner\u00eda.<\/p>\n<p>Se trata de una empresa de importaci\u00f3n, distribuci\u00f3n y selecci\u00f3n de productos de las distintas marcas y licencias.<\/p>\n<p>Creada en 1999 para traer algo nuevo al mercado, VIPS ha sido capaz de medir sus pasos y de crecimiento.<br \/>\nEn la diversificaci\u00f3n de los clientes, los productos y los mercados, la compa\u00f1\u00eda es ahora la exclusiva distribuci\u00f3n de un conjunto de marcas renombradas de marca y licencias para todos los grupos de edad en los productos de cuero, los viajes de viaje y los sectores de la estaci\u00f3n.<\/p>\n<p><strong>INNOVACI\u00d3N, RESPONSABILIDAD, SOSTENIBILIDAD<br \/>\n<\/strong><\/p>\n<p>Con estos valores, llevamos en el mercado m\u00e1s de 18 a\u00f1os representando las marcas y licencias m\u00e1s diversas. Buscamos rigurosamente promover el desarrollo y la creaci\u00f3n de productos a trav\u00e9s de los cuales hemos realizado una importaci\u00f3n seleccionada de una amplia gama de art\u00edculos. Adem\u00e1s de abastecer a todo el mercado minorista y mayorista, tambi\u00e9n proporcionamos el mercado para la gran distribuci\u00f3n en Portugal de una manera cuidadosa y sostenible. Tomamos una decisi\u00f3n detallada y deliberada para atender estacionalmente a nuestros clientes y empleados de la mejor manera posible.<\/p>\n<p>Somos una empresa que considera la crisis econ\u00f3mica como un desaf\u00edo constante en el que se abren nuevas ventanas de oportunidades para prosperar.<\/p>\n\t\t<\/div>\n\t\t\t\t\t<\/div>\n\n\t\n\n\t<div id=\"col-1514015537\" class=\"col medium-6 small-12 large-6\"  >\n\t\t\t\t<div class=\"col-inner\"  >\n\t\t\t\n\t\t\t\n<h5 class=\"uppercase\">PRODUCTOS PRINCIPALES<\/h5>\n<h6><\/h6>\n<h6>Art\u00edculos de cuero, moda y accesorios:<\/h6>\n<p>Carteras, cinturones, paraguas, paraguas y bolsas de playa &#8230;<\/p>\n<h6>Papeler\u00eda, bazar y regalos:<\/h6>\n<p>Bolsos y carteras, carteras, estuches, mochilas, llaveros, l\u00e1pices, monederos, tel\u00e9fonos m\u00f3viles, bolsos &#8230;<\/p>\n<h6><\/h6>\n<h6>Viajes y accesorios:<\/h6>\n<p>Carros, Mochilas inform\u00e1ticas, Necesarios, Bolsas de viaje Cajones de &#8230;<\/p>\n<p><strong>UN MATERIAL EXTRAORDINARIO<\/strong><\/p>\n<p>El corcho es la corteza exterior del alcornoque que se extrae para uso comercial. Debido a su versatilidad y caracter\u00edsticas \u00fanicas (por ejemplo, elasticidad, durabilidad e impermeabilidad), el corcho se puede usar en diversos sectores para la fabricaci\u00f3n de diversos productos (por ejemplo, industria del vino, construcci\u00f3n y moda).<\/p>\n<p>Entre la plantaci\u00f3n de alcornoque y la primera extracci\u00f3n de corcho, lleva entre veinte y treinta a\u00f1os. El proceso es manual, hecho con un hacha, para que no degrade el tronco del \u00e1rbol. La extracci\u00f3n de corcho ocurre cada nueve a\u00f1os.<\/p>\n<p>Los tablones de corcho grandes recogidos se venden y procesan en hojas de espesor reducido (tela de corcho), para la fabricaci\u00f3n de diversos productos (por ejemplo, carteras, maletas y zapatos).<\/p>\n\t\t<\/div>\n\t\t\t\t\t<\/div>\n\n\t\n<\/div>\n<div class=\"is-divider divider clearfix\" style=\"max-width:100%;\"><\/div>\n<div class=\"row\"  id=\"row-991837519\"><\/div>\n\n\t<div id=\"col-958446991\" class=\"col medium-6 small-12 large-6\"  >\n\t\t\t\t<div class=\"col-inner\"  >\n\t\t\t\n\t\t\t\t\t<\/div>\n\t\t\t\t\t<\/div>\n\n\t\n<h5 class=\"uppercase\"><\/h5>\n","protected":false},"excerpt":{"rendered":"","protected":false},"author":1,"featured_media":0,"parent":0,"menu_order":0,"comment_status":"closed","ping_status":"closed","template":"","meta":{"footnotes":""},"class_list":["post-30","page","type-page","status-publish","hentry"],"_links":{"self":[{"href":"https:\/\/vips-velen.pt\/es\/index.php?rest_route=\/wp\/v2\/pages\/30"}],"collection":[{"href":"https:\/\/vips-velen.pt\/es\/index.php?rest_route=\/wp\/v2\/pages"}],"about":[{"href":"https:\/\/vips-velen.pt\/es\/index.php?rest_route=\/wp\/v2\/types\/page"}],"author":[{"embeddable":true,"href":"https:\/\/vips-velen.pt\/es\/index.php?rest_route=\/wp\/v2\/users\/1"}],"replies":[{"embeddable":true,"href":"https:\/\/vips-velen.pt\/es\/index.php?rest_route=%2Fwp%2Fv2%2Fcomments&post=30"}],"version-history":[{"count":9,"href":"https:\/\/vips-velen.pt\/es\/index.php?rest_route=\/wp\/v2\/pages\/30\/revisions"}],"predecessor-version":[{"id":863,"href":"https:\/\/vips-velen.pt\/es\/index.php?rest_route=\/wp\/v2\/pages\/30\/revisions\/863"}],"wp:attachment":[{"href":"https:\/\/vips-velen.pt\/es\/index.php?rest_route=%2Fwp%2Fv2%2Fmedia&parent=30"}],"curies":[{"name":"wp","href":"https:\/\/api.w.org\/{rel}","templated":true}]}}